{"id":152,"date":"2024-08-20T07:17:58","date_gmt":"2024-08-20T07:17:58","guid":{"rendered":"https:\/\/rollerhomechile.cl\/?page_id=152"},"modified":"2025-03-01T14:43:15","modified_gmt":"2025-03-01T14:43:15","slug":"showroom","status":"publish","type":"page","link":"https:\/\/chile.rollerhomechile.cl\/?page_id=152","title":{"rendered":"Showroom"},"content":{"rendered":"<div class=\"wp-block-group wow animate__animated animate__slideInUp has-white-background-color has-background has-global-padding is-layout-constrained wp-block-group-is-layout-constrained\" style=\"margin-top:0;margin-bottom:0;padding-top:var(--wp--preset--spacing--10);padding-bottom:var(--wp--preset--spacing--10)\"><h2 class=\"wp-block-heading\" style=\"font-size:clamp(18.434px, 1.152rem + ((1vw - 3.2px) * 1.148), 29px);\">Antofagasta<\/h2>\n\n<p><strong>Direcci\u00f3n: <\/strong>Los Pequenes 9045.<\/p>\n\n<p><strong>Horario de atenci\u00f3n:<\/strong> Lunes a viernes de 10:00 a 14:00 y de 15:00 a 19:00 hrs.<br>S\u00e1bados de 10:00 a 14:00 hrs.<br>Fono: <a href=\"tel:+56976881689\">+56 9 7688 1689<\/a> &#8211; <a href=\"https:\/\/wa.me\/56968488828?text=%C2%A1Hola!%20soy%20de%20la%20comuna%20de...\"><img loading=\"lazy\" decoding=\"async\" width=\"30\" height=\"30\" class=\"wp-image-218\" style=\"width: 30px;\" src=\"https:\/\/chile.rollerhomechile.cl\/wp-content\/uploads\/2024\/08\/3-2.png\" alt=\"\"><\/a><\/p>\n\n<div class=\"wp-block-columns has-white-background-color has-background is-layout-flex wp-container-core-columns-is-layout-59b338dc wp-block-columns-is-layout-flex\" style=\"border-radius:8px;padding-top:0;padding-right:0;padding-bottom:0;padding-left:0\"><div class=\"wp-block-column is-layout-flow wp-block-column-is-layout-flow\"><figure class=\"wp-block-image size-large\"><img loading=\"lazy\" decoding=\"async\" width=\"1024\" height=\"768\" src=\"https:\/\/chile.rollerhomechile.cl\/wp-content\/uploads\/2024\/08\/Foto-12-08-24-10-34-01-1-1024x768.jpg\" alt=\"\" class=\"wp-image-228\" style=\"object-fit:cover\" srcset=\"https:\/\/chile.rollerhomechile.cl\/wp-content\/uploads\/2024\/08\/Foto-12-08-24-10-34-01-1-1024x768.jpg 1024w, https:\/\/chile.rollerhomechile.cl\/wp-content\/uploads\/2024\/08\/Foto-12-08-24-10-34-01-1-scaled-600x450.jpg 600w, https:\/\/chile.rollerhomechile.cl\/wp-content\/uploads\/2024\/08\/Foto-12-08-24-10-34-01-1-300x225.jpg 300w, https:\/\/chile.rollerhomechile.cl\/wp-content\/uploads\/2024\/08\/Foto-12-08-24-10-34-01-1-768x576.jpg 768w, https:\/\/chile.rollerhomechile.cl\/wp-content\/uploads\/2024\/08\/Foto-12-08-24-10-34-01-1-1536x1152.jpg 1536w, https:\/\/chile.rollerhomechile.cl\/wp-content\/uploads\/2024\/08\/Foto-12-08-24-10-34-01-1-2048x1536.jpg 2048w\" sizes=\"auto, (max-width: 1024px) 100vw, 1024px\" \/><\/figure><\/div>\n\n<div class=\"wp-block-column is-layout-flow wp-container-core-column-is-layout-8a368f38 wp-block-column-is-layout-flow\"><figure class=\"wp-block-image size-full h-100\"><img loading=\"lazy\" decoding=\"async\" width=\"1024\" height=\"768\" src=\"https:\/\/chile.rollerhomechile.cl\/wp-content\/uploads\/2024\/08\/mapa-antofagasta.png\" alt=\"\" class=\"wp-image-153\" style=\"object-fit:cover\" srcset=\"https:\/\/chile.rollerhomechile.cl\/wp-content\/uploads\/2024\/08\/mapa-antofagasta.png 1024w, https:\/\/chile.rollerhomechile.cl\/wp-content\/uploads\/2024\/08\/mapa-antofagasta-600x450.png 600w, https:\/\/chile.rollerhomechile.cl\/wp-content\/uploads\/2024\/08\/mapa-antofagasta-300x225.png 300w, https:\/\/chile.rollerhomechile.cl\/wp-content\/uploads\/2024\/08\/mapa-antofagasta-768x576.png 768w\" sizes=\"auto, (max-width: 1024px) 100vw, 1024px\" \/><\/figure><\/div><\/div><\/div><div class=\"wp-block-group wow animate__animated animate__slideInUp has-white-background-color has-background has-global-padding is-layout-constrained wp-block-group-is-layout-constrained\" style=\"margin-top:0;margin-bottom:0;padding-top:var(--wp--preset--spacing--10);padding-bottom:var(--wp--preset--spacing--10)\"><h2 class=\"wp-block-heading\" style=\"font-size:clamp(18.434px, 1.152rem + ((1vw - 3.2px) * 1.148), 29px);\">Concepci\u00f3n &#8211; Centro<\/h2>\n\n<p><strong>Direcci\u00f3n:<\/strong> Chacabuco 402, Local Casa Dise\u00f1o. <\/p>\n\n<p><strong>Horario de atenci\u00f3n:<\/strong> Lunes a viernes de 10:00 a 14:00 y de 15:00 a 19:00 hrs.<br>S\u00e1bados de 10:00 a 14:00 hrs.<br>Fono: <a href=\"tel:+56971869357\">+56 9 7186 9357<\/a> &#8211; <a href=\"https:\/\/wa.me\/56968488828?text=%C2%A1Hola!%20soy%20de%20la%20comuna%20de...\"><img loading=\"lazy\" decoding=\"async\" width=\"25\" height=\"25\" class=\"wp-image-218\" style=\"width: 25px;\" src=\"https:\/\/chile.rollerhomechile.cl\/wp-content\/uploads\/2024\/08\/3-2.png\" alt=\"\"><\/a><\/p>\n\n<div class=\"wp-block-columns has-white-background-color has-background is-layout-flex wp-container-core-columns-is-layout-59b338dc wp-block-columns-is-layout-flex\" style=\"border-radius:8px;padding-top:0;padding-right:0;padding-bottom:0;padding-left:0\"><div class=\"wp-block-column is-layout-flow wp-block-column-is-layout-flow\"><figure class=\"wp-block-image size-full\"><img loading=\"lazy\" decoding=\"async\" width=\"2560\" height=\"1920\" src=\"https:\/\/chile.rollerhomechile.cl\/wp-content\/uploads\/2024\/08\/casas-diseno-editada-scaled.jpg\" alt=\"\" class=\"wp-image-234\" srcset=\"https:\/\/chile.rollerhomechile.cl\/wp-content\/uploads\/2024\/08\/casas-diseno-editada-scaled.jpg 2560w, https:\/\/chile.rollerhomechile.cl\/wp-content\/uploads\/2024\/08\/casas-diseno-editada-scaled-600x450.jpg 600w, https:\/\/chile.rollerhomechile.cl\/wp-content\/uploads\/2024\/08\/casas-diseno-editada-300x225.jpg 300w, https:\/\/chile.rollerhomechile.cl\/wp-content\/uploads\/2024\/08\/casas-diseno-editada-1024x768.jpg 1024w, https:\/\/chile.rollerhomechile.cl\/wp-content\/uploads\/2024\/08\/casas-diseno-editada-768x576.jpg 768w, https:\/\/chile.rollerhomechile.cl\/wp-content\/uploads\/2024\/08\/casas-diseno-editada-1536x1152.jpg 1536w, https:\/\/chile.rollerhomechile.cl\/wp-content\/uploads\/2024\/08\/casas-diseno-editada-2048x1536.jpg 2048w\" sizes=\"auto, (max-width: 2560px) 100vw, 2560px\" \/><\/figure><\/div>\n\n<div class=\"wp-block-column is-layout-flow wp-container-core-column-is-layout-8a368f38 wp-block-column-is-layout-flow\"><figure class=\"wp-block-image size-full h-100\"><img loading=\"lazy\" decoding=\"async\" width=\"1024\" height=\"768\" src=\"https:\/\/chile.rollerhomechile.cl\/wp-content\/uploads\/2024\/08\/mapa-conce-2.png\" alt=\"\" class=\"wp-image-159\" style=\"object-fit:cover\" srcset=\"https:\/\/chile.rollerhomechile.cl\/wp-content\/uploads\/2024\/08\/mapa-conce-2.png 1024w, https:\/\/chile.rollerhomechile.cl\/wp-content\/uploads\/2024\/08\/mapa-conce-2-600x450.png 600w, https:\/\/chile.rollerhomechile.cl\/wp-content\/uploads\/2024\/08\/mapa-conce-2-300x225.png 300w, https:\/\/chile.rollerhomechile.cl\/wp-content\/uploads\/2024\/08\/mapa-conce-2-768x576.png 768w\" sizes=\"auto, (max-width: 1024px) 100vw, 1024px\" \/><\/figure><\/div><\/div>\n\n<p><\/p><\/div><div class=\"wp-block-group wow animate__animated animate__slideInUp has-white-background-color has-background has-global-padding is-layout-constrained wp-block-group-is-layout-constrained\" style=\"margin-top:0;margin-bottom:0;padding-top:var(--wp--preset--spacing--10);padding-bottom:var(--wp--preset--spacing--10)\"><h2 class=\"wp-block-heading\" style=\"font-size:clamp(18.434px, 1.152rem + ((1vw - 3.2px) * 1.148), 29px);\">San Pedro de la Paz<\/h2>\n\n<p><strong>Direcci\u00f3n:<\/strong> Los Lirios 1349 <\/p>\n\n<p><strong>Horario de atenci\u00f3n:<\/strong> Lunes a viernes de 10:00 a 14:00 y de 15:00 a 19:00 hrs.<br>S\u00e1bados de 10:00 a 14:00 hrs.<br>Fono: <a href=\"tel:+56971869357\">+56 9 7186 9357<\/a> &#8211; <a href=\"https:\/\/wa.me\/56968488828?text=%C2%A1Hola!%20soy%20de%20la%20comuna%20de...\"><img loading=\"lazy\" decoding=\"async\" width=\"25\" height=\"25\" class=\"wp-image-218\" style=\"width: 25px;\" src=\"https:\/\/chile.rollerhomechile.cl\/wp-content\/uploads\/2024\/08\/3-2.png\" alt=\"\"><\/a><\/p>\n\n<div class=\"wp-block-columns has-white-background-color has-background is-layout-flex wp-container-core-columns-is-layout-59b338dc wp-block-columns-is-layout-flex\" style=\"border-radius:8px;padding-top:0;padding-right:0;padding-bottom:0;padding-left:0\"><div class=\"wp-block-column is-layout-flow wp-block-column-is-layout-flow\"><figure class=\"wp-block-image size-full\"><img loading=\"lazy\" decoding=\"async\" width=\"2560\" height=\"1920\" src=\"https:\/\/chile.rollerhomechile.cl\/wp-content\/uploads\/2024\/08\/editada-scaled.jpg\" alt=\"\" class=\"wp-image-233\" srcset=\"https:\/\/chile.rollerhomechile.cl\/wp-content\/uploads\/2024\/08\/editada-scaled.jpg 2560w, https:\/\/chile.rollerhomechile.cl\/wp-content\/uploads\/2024\/08\/editada-scaled-600x450.jpg 600w, https:\/\/chile.rollerhomechile.cl\/wp-content\/uploads\/2024\/08\/editada-300x225.jpg 300w, https:\/\/chile.rollerhomechile.cl\/wp-content\/uploads\/2024\/08\/editada-1024x768.jpg 1024w, https:\/\/chile.rollerhomechile.cl\/wp-content\/uploads\/2024\/08\/editada-768x576.jpg 768w, https:\/\/chile.rollerhomechile.cl\/wp-content\/uploads\/2024\/08\/editada-1536x1152.jpg 1536w, https:\/\/chile.rollerhomechile.cl\/wp-content\/uploads\/2024\/08\/editada-2048x1536.jpg 2048w\" sizes=\"auto, (max-width: 2560px) 100vw, 2560px\" \/><\/figure><\/div>\n\n<div class=\"wp-block-column is-layout-flow wp-container-core-column-is-layout-8a368f38 wp-block-column-is-layout-flow\"><figure class=\"wp-block-image size-full h-100\"><img loading=\"lazy\" decoding=\"async\" width=\"1024\" height=\"768\" src=\"https:\/\/chile.rollerhomechile.cl\/wp-content\/uploads\/2024\/08\/mapa-conce-1.png\" alt=\"\" class=\"wp-image-158\" style=\"object-fit:cover\" srcset=\"https:\/\/chile.rollerhomechile.cl\/wp-content\/uploads\/2024\/08\/mapa-conce-1.png 1024w, https:\/\/chile.rollerhomechile.cl\/wp-content\/uploads\/2024\/08\/mapa-conce-1-600x450.png 600w, https:\/\/chile.rollerhomechile.cl\/wp-content\/uploads\/2024\/08\/mapa-conce-1-300x225.png 300w, https:\/\/chile.rollerhomechile.cl\/wp-content\/uploads\/2024\/08\/mapa-conce-1-768x576.png 768w\" sizes=\"auto, (max-width: 1024px) 100vw, 1024px\" \/><\/figure><\/div><\/div>\n\n<p><\/p><\/div><div class=\"wp-block-group wow animate__animated animate__slideInUp has-white-background-color has-background has-global-padding is-layout-constrained wp-block-group-is-layout-constrained\" style=\"margin-top:0;margin-bottom:0;padding-top:var(--wp--preset--spacing--10);padding-bottom:var(--wp--preset--spacing--10)\"><h2 class=\"wp-block-heading\" style=\"font-size:clamp(18.434px, 1.152rem + ((1vw - 3.2px) * 1.148), 29px);\">Temuco<\/h2>\n\n<p>Direcci\u00f3n: Av. Mart\u00edn Lutero 02462. Sector Portal la Frontera.<\/p>\n\n<p><strong>Horario de atenci\u00f3n:<\/strong> Lunes a viernes de 10:00 a 14:00 y de 15:00 a 19:00 hrs.<br>S\u00e1bados de 10:00 a 14:00 hrs.<br>Fono: <a href=\"tel:+5645225919\">+56 45 22 5919<\/a> &#8211; <a href=\"https:\/\/wa.me\/56968488828?text=%C2%A1Hola!%20soy%20de%20la%20comuna%20de...\"><img loading=\"lazy\" decoding=\"async\" width=\"25\" height=\"25\" class=\"wp-image-218\" style=\"width: 25px;\" src=\"https:\/\/chile.rollerhomechile.cl\/wp-content\/uploads\/2024\/08\/3-2.png\" alt=\"\"><\/a><\/p>\n\n<div class=\"wp-block-columns has-white-background-color has-background is-layout-flex wp-container-core-columns-is-layout-59b338dc wp-block-columns-is-layout-flex\" style=\"border-radius:8px;padding-top:0;padding-right:0;padding-bottom:0;padding-left:0\"><div class=\"wp-block-column is-layout-flow wp-block-column-is-layout-flow\"><figure class=\"wp-block-image size-full\"><img loading=\"lazy\" decoding=\"async\" width=\"2560\" height=\"1920\" src=\"https:\/\/chile.rollerhomechile.cl\/wp-content\/uploads\/2024\/08\/Foto-26-08-24-17-42-58-scaled.jpg\" alt=\"\" class=\"wp-image-236\" srcset=\"https:\/\/chile.rollerhomechile.cl\/wp-content\/uploads\/2024\/08\/Foto-26-08-24-17-42-58-scaled.jpg 2560w, https:\/\/chile.rollerhomechile.cl\/wp-content\/uploads\/2024\/08\/Foto-26-08-24-17-42-58-scaled-600x450.jpg 600w, https:\/\/chile.rollerhomechile.cl\/wp-content\/uploads\/2024\/08\/Foto-26-08-24-17-42-58-300x225.jpg 300w, https:\/\/chile.rollerhomechile.cl\/wp-content\/uploads\/2024\/08\/Foto-26-08-24-17-42-58-1024x768.jpg 1024w, https:\/\/chile.rollerhomechile.cl\/wp-content\/uploads\/2024\/08\/Foto-26-08-24-17-42-58-768x576.jpg 768w, https:\/\/chile.rollerhomechile.cl\/wp-content\/uploads\/2024\/08\/Foto-26-08-24-17-42-58-1536x1152.jpg 1536w, https:\/\/chile.rollerhomechile.cl\/wp-content\/uploads\/2024\/08\/Foto-26-08-24-17-42-58-2048x1536.jpg 2048w\" sizes=\"auto, (max-width: 2560px) 100vw, 2560px\" \/><\/figure><\/div>\n\n<div class=\"wp-block-column is-layout-flow wp-container-core-column-is-layout-8a368f38 wp-block-column-is-layout-flow\"><figure class=\"wp-block-image size-full h-100\"><img loading=\"lazy\" decoding=\"async\" width=\"800\" height=\"600\" src=\"https:\/\/chile.rollerhomechile.cl\/wp-content\/uploads\/2024\/09\/mapa-temuco.png\" alt=\"\" class=\"wp-image-455\" style=\"object-fit:cover\" srcset=\"https:\/\/chile.rollerhomechile.cl\/wp-content\/uploads\/2024\/09\/mapa-temuco.png 800w, https:\/\/chile.rollerhomechile.cl\/wp-content\/uploads\/2024\/09\/mapa-temuco-600x450.png 600w, https:\/\/chile.rollerhomechile.cl\/wp-content\/uploads\/2024\/09\/mapa-temuco-300x225.png 300w, https:\/\/chile.rollerhomechile.cl\/wp-content\/uploads\/2024\/09\/mapa-temuco-768x576.png 768w\" sizes=\"auto, (max-width: 800px) 100vw, 800px\" \/><\/figure><\/div><\/div>\n\n<h2 class=\"wp-block-heading\" style=\"font-size:clamp(18.434px, 1.152rem + ((1vw - 3.2px) * 1.148), 29px);\">Puc\u00f3n<\/h2>\n\n<p><strong>Direcci\u00f3n:<\/strong> Brasil 685 Puc\u00f3n.<\/p>\n\n<p><strong>Horario de atenci\u00f3n:<\/strong> Lunes a viernes de 11:00 a 14:00 y de 15:00 a 19:00 hrs.<br>S\u00e1bados y Domingo cerrado.<br>Fono: <a href=\"tel:+56968488828\">+56 9 6848 8828<\/a> &#8211; <a href=\"https:\/\/wa.me\/56968488828?text=%C2%A1Hola!%20soy%20de%20la%20comuna%20de....\"><img loading=\"lazy\" decoding=\"async\" width=\"25\" height=\"25\" class=\"wp-image-218\" style=\"width: 25px;\" src=\"https:\/\/chile.rollerhomechile.cl\/wp-content\/uploads\/2024\/08\/3-2.png\" alt=\"\"><\/a><\/p>\n\n<div class=\"wp-block-columns has-white-background-color has-background is-layout-flex wp-container-core-columns-is-layout-59b338dc wp-block-columns-is-layout-flex\" style=\"border-radius:8px;padding-top:0;padding-right:0;padding-bottom:0;padding-left:0\"><div class=\"wp-block-column is-layout-flow wp-block-column-is-layout-flow\"><figure class=\"wp-block-image size-full\"><img loading=\"lazy\" decoding=\"async\" width=\"768\" height=\"576\" src=\"https:\/\/chile.rollerhomechile.cl\/wp-content\/uploads\/2024\/11\/Sin-titulo-1.jpg\" alt=\"\" class=\"wp-image-517\" srcset=\"https:\/\/chile.rollerhomechile.cl\/wp-content\/uploads\/2024\/11\/Sin-titulo-1.jpg 768w, https:\/\/chile.rollerhomechile.cl\/wp-content\/uploads\/2024\/11\/Sin-titulo-1-300x225.jpg 300w, https:\/\/chile.rollerhomechile.cl\/wp-content\/uploads\/2024\/11\/Sin-titulo-1-600x450.jpg 600w\" sizes=\"auto, (max-width: 768px) 100vw, 768px\" \/><\/figure><\/div>\n\n<div class=\"wp-block-column is-layout-flow wp-container-core-column-is-layout-8a368f38 wp-block-column-is-layout-flow\"><figure class=\"wp-block-image size-full h-100\"><img loading=\"lazy\" decoding=\"async\" width=\"1024\" height=\"768\" src=\"https:\/\/chile.rollerhomechile.cl\/wp-content\/uploads\/2024\/10\/mapa-pucon.jpg\" alt=\"\" class=\"wp-image-487\" style=\"object-fit:cover\" srcset=\"https:\/\/chile.rollerhomechile.cl\/wp-content\/uploads\/2024\/10\/mapa-pucon.jpg 1024w, https:\/\/chile.rollerhomechile.cl\/wp-content\/uploads\/2024\/10\/mapa-pucon-600x450.jpg 600w, https:\/\/chile.rollerhomechile.cl\/wp-content\/uploads\/2024\/10\/mapa-pucon-300x225.jpg 300w, https:\/\/chile.rollerhomechile.cl\/wp-content\/uploads\/2024\/10\/mapa-pucon-768x576.jpg 768w\" sizes=\"auto, (max-width: 1024px) 100vw, 1024px\" \/><\/figure><\/div><\/div><\/div><p><\/p><p><\/p><p><\/p>","protected":false},"excerpt":{"rendered":"<p>Antofagasta Direcci\u00f3n: Los Pequenes 9045. Horario de atenci\u00f3n: Lunes a viernes de 10:00 a 14:00 y de 15:00 a 19:00 hrs.S\u00e1bados de 10:00 a 14:00 hrs.Fono: +56 9 7688 1689 &#8211; Concepci\u00f3n &#8211; Centro Direcci\u00f3n: Chacabuco 402, Local Casa Dise\u00f1o. Horario de atenci\u00f3n: Lunes a viernes de 10:00 a 14:00 y de 15:00 a 19:00 [&hellip;]<\/p>\n","protected":false},"author":1,"featured_media":0,"parent":0,"menu_order":0,"comment_status":"closed","ping_status":"closed","template":"","meta":{"footnotes":""},"class_list":["post-152","page","type-page","status-publish","hentry"],"_links":{"self":[{"href":"https:\/\/chile.rollerhomechile.cl\/index.php?rest_route=\/wp\/v2\/pages\/152","targetHints":{"allow":["GET"]}}],"collection":[{"href":"https:\/\/chile.rollerhomechile.cl\/index.php?rest_route=\/wp\/v2\/pages"}],"about":[{"href":"https:\/\/chile.rollerhomechile.cl\/index.php?rest_route=\/wp\/v2\/types\/page"}],"author":[{"embeddable":true,"href":"https:\/\/chile.rollerhomechile.cl\/index.php?rest_route=\/wp\/v2\/users\/1"}],"replies":[{"embeddable":true,"href":"https:\/\/chile.rollerhomechile.cl\/index.php?rest_route=%2Fwp%2Fv2%2Fcomments&post=152"}],"version-history":[{"count":29,"href":"https:\/\/chile.rollerhomechile.cl\/index.php?rest_route=\/wp\/v2\/pages\/152\/revisions"}],"predecessor-version":[{"id":596,"href":"https:\/\/chile.rollerhomechile.cl\/index.php?rest_route=\/wp\/v2\/pages\/152\/revisions\/596"}],"wp:attachment":[{"href":"https:\/\/chile.rollerhomechile.cl\/index.php?rest_route=%2Fwp%2Fv2%2Fmedia&parent=152"}],"curies":[{"name":"wp","href":"https:\/\/api.w.org\/{rel}","templated":true}]}}